{"id":17,"date":"2024-11-27T15:46:41","date_gmt":"2024-11-27T15:46:41","guid":{"rendered":"https:\/\/projektwoche25.publicraft.ch\/?page_id=17"},"modified":"2025-02-06T09:29:39","modified_gmt":"2025-02-06T09:29:39","slug":"vortrag-2","status":"publish","type":"page","link":"https:\/\/projektwoche25.publicraft.ch\/?page_id=17","title":{"rendered":"Massentourismus in den Cinque Terre"},"content":{"rendered":"\n<figure class=\"wp-block-image alignfull size-large\"><img decoding=\"async\" src=\"https:\/\/i.guim.co.uk\/img\/media\/9bee3c967e148769a512feb90cf8e82412a89120\/0_0_6000_4002\/master\/6000.jpg?width=1300&amp;dpr=2&amp;s=none&amp;crop=none\" alt=\"\"\/><figcaption class=\"wp-element-caption\">Tourists in the town of Riomaggiore.&nbsp;Photograph: Roberto Salomone\/The Observer (Bild von theguardian.com)<\/figcaption><\/figure>\n\n\n\n<h3 class=\"wp-block-heading has-text-align-center\"><mark style=\"background-color:#ffffff;color:#4e76a1\" class=\"has-inline-color\">Kurze Einf\u00fchrung<\/mark><\/h3>\n\n\n\n<p class=\"has-text-align-center\"><mark style=\"background-color:#ffffff\" class=\"has-inline-color has-black-color\"><code>Massentourismus wird zu einem immer gr\u00f6sseren Problem in touristischen Regionen. So auch in den Cinque Terre. Die Cinque Terre liegen an der ligurischen Riviera an der Westk\u00fcste Norditaliens. Die f\u00fcnf D\u00f6rfer, zusammen nur etwa 9\u2018000 Einwohner haben, werden vor allem im Sommer regelrecht von Touristen \u00fcberrannt. Im Jahr 2023 wurden sie von rund 2.5 Millionen Menschen besucht. Auch bei Schweizer*innen ist die Urlaubsregion sehr beliebt. Durch diese riesigen Menschenandr\u00e4nge sind die D\u00f6rfer vor allem in der Hochsaison leider oft \u00fcberlaufen, was das Erlebnis sowohl f\u00fcr Einheimische als auch f\u00fcr Touristen weniger angenehm macht.<\/code><\/mark><\/p>\n\n\n\n<hr class=\"wp-block-separator has-alpha-channel-opacity is-style-default\"\/>\n\n\n\n<h3 class=\"wp-block-heading alignfull has-text-align-center\"><mark style=\"background-color:rgba(0, 0, 0, 0);color:#4e76a1\" class=\"has-inline-color\">Massnahmen der Regierung<\/mark><\/h3>\n\n\n\n<p class=\"has-text-align-center\">Um dem Problem des Massentourismus entgegenzuwirken, greifen immer mehr St\u00e4dte und Regionen zu strengen Regulierungsmassnahmen. So auch Italien, das mit verschiedenen gesetzlichen Regelungen versucht, die Touristenstr\u00f6me in der Hochsaison zu regulieren.<\/p>\n\n\n\n<p class=\"has-text-align-center\">In der Hochsaison gibt es jetzt teurere Bahntickets, man spricht von einer Verdoppelung der Preise an Wochenenden, Feiertagen und im Sommer. F\u00fcr Einheimische gibt es allerdings eine Erm\u00e4ssigung.<\/p>\n\n\n\n<p class=\"has-text-align-center\">La Spezia ist auch wegen seiner Wanderwege sehr beliebt, die K\u00fcstenwanderung entlang der Riviera zu den f\u00fcnf D\u00f6rfern ist der bekannteste Weg in den Cinque Terre. Um einen unkontrollierten Touristenstrom zu verhindern, hat der Staat den &#8222;Sentiero Verdo Azzuro&#8220;, eine der beliebtesten Wanderrouten der Region, an Feiertagen von 9 bis 14 Uhr in eine Einbahnstra\u00dfe umgewandelt.<\/p>\n\n\n\n<p class=\"has-text-align-center\">F\u00fcr die Besichtigung der Altstadt wird eine Geb\u00fchr von 5 Euro erhoben. Der Besuch des Markusplatzes und der Rialtobr\u00fccke ist nur noch mit einem QR-Code m\u00f6glich. Doch schon am ersten Tag stauen sich die Touristen ohne Ticket in den Gassen der Lagunenstadt.<\/p>\n\n\n\n<figure class=\"wp-block-image size-large\"><img loading=\"lazy\" decoding=\"async\" width=\"1360\" height=\"906\" src=\"https:\/\/projektwoche25.publicraft.ch\/wp-content\/uploads\/2025\/02\/bild-massentourismus-2-edited.webp\" alt=\"\" class=\"wp-image-201\" srcset=\"https:\/\/projektwoche25.publicraft.ch\/wp-content\/uploads\/2025\/02\/bild-massentourismus-2-edited.webp 1360w, https:\/\/projektwoche25.publicraft.ch\/wp-content\/uploads\/2025\/02\/bild-massentourismus-2-edited-300x200.webp 300w, https:\/\/projektwoche25.publicraft.ch\/wp-content\/uploads\/2025\/02\/bild-massentourismus-2-edited-1024x682.webp 1024w, https:\/\/projektwoche25.publicraft.ch\/wp-content\/uploads\/2025\/02\/bild-massentourismus-2-edited-768x512.webp 768w\" sizes=\"auto, (max-width: 1360px) 100vw, 1360px\" \/><figcaption class=\"wp-element-caption\">Wandern in der Cinque Terre. (Bild: Christa Kamm-Sager) (Bild von St. Galler Tagblatt)<\/figcaption><\/figure>\n\n\n\n<hr class=\"wp-block-separator has-alpha-channel-opacity\"\/>\n\n\n\n<h3 class=\"wp-block-heading has-text-align-center\"><mark style=\"background-color:rgba(0, 0, 0, 0);color:#4e76a1\" class=\"has-inline-color\">Weshalb gibt es trotzdem so viele Touristen in den Cinque Terre?<\/mark><\/h3>\n\n\n\n<p class=\"has-text-align-center\">Die 3,5 Millionen Touristen haben im vorigen Jahr Cinque Terre besichtigt. Jedoch fragt man sich, wieso so viele Menschen trotz den harten Massnahmen unbedingt nach Cinque Terre reisen. Die bunten H\u00e4user, die in die steilen Felsen gebaut sind, z\u00e4hlen als Symbol der 5 D\u00f6rfern. Viele K\u00fcnstler malten diese wundersch\u00f6nen, kunterbunten H\u00e4user. Heute werden sie vor allem abfotografiert.<\/p>\n\n\n\n<p class=\"has-text-align-center\">Auch die K\u00fcstenwanderungen sind sehr beliebt und ziehen die Touristen wie ein Magnet an. Der atemberaubende Meeresblick beim Wandern, hinterl\u00e4sst einen unvergesslichen Eindruck und verleiht der Region eine magische Wirkung.<\/p>\n\n\n\n<hr class=\"wp-block-separator has-alpha-channel-opacity\"\/>\n\n\n\n<h3 class=\"wp-block-heading has-text-align-center\"><mark style=\"background-color:rgba(0, 0, 0, 0);color:#4e76a1\" class=\"has-inline-color\">Reaktion der Bev\u00f6lkerung<\/mark><\/h3>\n\n\n\n<p class=\"has-text-align-center\">Besonders die Bev\u00f6lkerung der Cinque Terre leidet unter dem grossen Menschenandrang. Giancarlo Cielano, ein 80-J\u00e4hriger einheimischer berichtet:<em> <a href=\"http:\/\/\u2018We\u2019re not anti-tourist\u2019: Italy\u2019s picturesque villages struggle to cope with deluge of Insta-visitors | Italy | The Guardian\">\u201e\u00c4ltere Menschen wie ich waren es gewohnt, gegen vier Uhr ein Nickerchen zu machen.\u201c<\/a> <\/em>(theguardian.com) Als die Region aber immer \u00fcberlaufener wurde, sei dies aufgrund der konstanten Stimmen und rollenden Koffer in den Strassen unm\u00f6glich geworden, die Ger\u00e4usche des Meeres \u00fcberhaupt zu h\u00f6ren.<\/p>\n\n\n\n<hr class=\"wp-block-separator has-alpha-channel-opacity\"\/>\n\n\n\n<details class=\"wp-block-details is-layout-flow wp-block-details-is-layout-flow\"><summary>Quellen<\/summary>\n<p><mark style=\"background-color:rgba(0, 0, 0, 0)\" class=\"has-inline-color has-cyan-bluish-gray-color\"><strong>Informationsquellen<\/strong><\/mark><\/p>\n\n\n\n<ul class=\"wp-block-list\">\n<li><a href=\"https:\/\/www.merkur.de\/welt\/wanderweg-italien-cinque-terre-urlaub-wandern-tourismus-massnahmen-einbahnregelung-zr-93037722.html\"><mark style=\"background-color:rgba(0, 0, 0, 0)\" class=\"has-inline-color has-cyan-bluish-gray-color\">https:\/\/www.merkur.de\/welt\/wanderweg-italien-cinque-terre-urlaub-wandern-tourismus-massnahmen-einbahnregelung-zr-93037722.html<\/mark><\/a><\/li>\n\n\n\n<li><a href=\"https:\/\/www.derstandard.de\/story\/3000000217273\/warum-der-wanderweg-in-italiens-cinque-terre-eine-einbahnregelung-bekommt\"><mark style=\"background-color:rgba(0, 0, 0, 0)\" class=\"has-inline-color has-cyan-bluish-gray-color\">Warum der Wanderweg in Italiens &#8222;Cinque Terre&#8220; eine Einbahnregelung bekommt &#8211; Reisen aktuell &#8211; derStandard.de \u203a Lifestyle<\/mark><\/a><\/li>\n\n\n\n<li><a href=\"https:\/\/www.travelnews.ch\/here-and-there\/26314-cinque-terre-neue-regeln-gegen-massentourismus.html\"><mark style=\"background-color:rgba(0, 0, 0, 0)\" class=\"has-inline-color has-cyan-bluish-gray-color\">https:\/\/www.travelnews.ch\/here-and-there\/26314-cinque-terre-neue-regeln-gegen-massentourismus.html<\/mark><\/a><\/li>\n\n\n\n<li><a href=\"https:\/\/www.blick.ch\/wirtschaft\/italiens-kampf-gegen-touristen-flut-neue-knallhart-regeln-in-der-cinque-terre-id19690638.html\"><mark style=\"background-color:rgba(0, 0, 0, 0)\" class=\"has-inline-color has-cyan-bluish-gray-color\">https:\/\/www.blick.ch\/wirtschaft\/italiens-kampf-gegen-touristen-flut-neue-knallhart-regeln-in-der-cinque-terre-id19690638.html<\/mark><\/a><\/li>\n\n\n\n<li><a href=\"https:\/\/kurier.at\/leben\/reise\/cinque-terre-italien-wandern-massentourismus-ligurische-kueste-monterosso-vernazza-corniglia\/402936300\"><mark style=\"background-color:rgba(0, 0, 0, 0)\" class=\"has-inline-color has-cyan-bluish-gray-color\">https:\/\/kurier.at\/leben\/reise\/cinque-terre-italien-wandern-massentourismus-ligurische-kueste-monterosso-vernazza-corniglia\/402936300<\/mark><\/a><\/li>\n\n\n\n<li><a href=\"https:\/\/www.theguardian.com\/world\/article\/2024\/jun\/23\/were-not-anti-tourist-italys-picturesque-villages-struggle-to-cope-with-deluge-of-insta-visitors\"><mark style=\"background-color:rgba(0, 0, 0, 0)\" class=\"has-inline-color has-cyan-bluish-gray-color\">\u2018We\u2019re not anti-tourist\u2019: Italy\u2019s picturesque villages struggle to cope with deluge of Insta-visitors | Italy | The Guardian<\/mark><\/a><\/li>\n<\/ul>\n\n\n\n<p><strong><mark style=\"background-color:#ffffff\" class=\"has-inline-color has-cyan-bluish-gray-color\">Bildquellen<\/mark><\/strong><\/p>\n\n\n\n<ul class=\"wp-block-list\">\n<li><a href=\"https:\/\/i.guim.co.uk\/img\/media\/9bee3c967e148769a512feb90cf8e82412a89120\/0_0_6000_4002\/master\/6000.jpg?width=1300&amp;dpr=2&amp;s=none&amp;crop=none\"><mark style=\"background-color:rgba(0, 0, 0, 0)\" class=\"has-inline-color has-cyan-bluish-gray-color\">https:\/\/i.guim.co.uk\/img\/media\/9bee3c967e148769a512feb90cf8e82412a89120\/0_0_6000_4002\/master\/6000.jpg?width=1300&amp;dpr=2&amp;s=none&amp;crop=none<\/mark><\/a><\/li>\n\n\n\n<li><a href=\"https:\/\/img.chmedia.ch\/2019\/10\/11\/d5c5bd1e-f49a-4272-bf5d-d1ecbd8de6cc.jpeg?width=1360&amp;height=1402&amp;fit=bounds&amp;quality=75&amp;auto=webp&amp;crop=2945,3037,x0,y0\"><mark style=\"background-color:rgba(0, 0, 0, 0)\" class=\"has-inline-color has-cyan-bluish-gray-color\">https:\/\/img.chmedia.ch\/2019\/10\/11\/d5c5bd1e-f49a-4272-bf5d-d1ecbd8de6cc.jpeg?width=1360&amp;height=1402&amp;fit=bounds&amp;quality=75&amp;auto=webp&amp;crop=2945,3037,x0,y0<\/mark><\/a> <\/li>\n<\/ul>\n\n\n\n<p><\/p>\n<\/details>\n\n\n\n<p><\/p>\n","protected":false},"excerpt":{"rendered":"<p>Kurze Einf\u00fchrung Massentourismus wird zu einem immer gr\u00f6sseren Problem in touristischen Regionen. So auch in den Cinque Terre. Die Cinque Terre liegen an der ligurischen Riviera an der Westk\u00fcste Norditaliens. Die f\u00fcnf D\u00f6rfer, zusammen nur etwa 9\u2018000 Einwohner haben, werden vor allem im Sommer regelrecht von Touristen \u00fcberrannt. Im Jahr 2023 wurden sie von rund [&hellip;]<\/p>\n","protected":false},"author":12,"featured_media":0,"parent":13,"menu_order":0,"comment_status":"closed","ping_status":"closed","template":"","meta":{"footnotes":""},"class_list":["post-17","page","type-page","status-publish","hentry"],"yoast_head":"<!-- This site is optimized with the Yoast SEO plugin v26.9 - https:\/\/yoast.com\/product\/yoast-seo-wordpress\/ -->\n<title>Massentourismus in den Cinque Terre - Projektwoche 25<\/title>\n<meta name=\"robots\" content=\"noindex, follow, max-snippet:-1, max-image-preview:large, max-video-preview:-1\" \/>\n<meta property=\"og:locale\" content=\"de_DE\" \/>\n<meta property=\"og:type\" content=\"article\" \/>\n<meta property=\"og:title\" content=\"Massentourismus in den Cinque Terre - Projektwoche 25\" \/>\n<meta property=\"og:description\" content=\"Kurze Einf\u00fchrung Massentourismus wird zu einem immer gr\u00f6sseren Problem in touristischen Regionen. So auch in den Cinque Terre. Die Cinque Terre liegen an der ligurischen Riviera an der Westk\u00fcste Norditaliens. Die f\u00fcnf D\u00f6rfer, zusammen nur etwa 9\u2018000 Einwohner haben, werden vor allem im Sommer regelrecht von Touristen \u00fcberrannt. Im Jahr 2023 wurden sie von rund [&hellip;]\" \/>\n<meta property=\"og:url\" content=\"https:\/\/projektwoche25.publicraft.ch\/?page_id=17\" \/>\n<meta property=\"og:site_name\" content=\"Projektwoche 25\" \/>\n<meta property=\"article:modified_time\" content=\"2025-02-06T09:29:39+00:00\" \/>\n<meta property=\"og:image\" content=\"https:\/\/i.guim.co.uk\/img\/media\/9bee3c967e148769a512feb90cf8e82412a89120\/0_0_6000_4002\/master\/6000.jpg?width=1300&amp;dpr=2&amp;s=none&amp;crop=none\" \/>\n<meta name=\"twitter:card\" content=\"summary_large_image\" \/>\n<meta name=\"twitter:label1\" content=\"Gesch\u00e4tzte Lesezeit\" \/>\n\t<meta name=\"twitter:data1\" content=\"3\u00a0Minuten\" \/>\n<script type=\"application\/ld+json\" class=\"yoast-schema-graph\">{\"@context\":\"https:\/\/schema.org\",\"@graph\":[{\"@type\":\"WebPage\",\"@id\":\"https:\/\/projektwoche25.publicraft.ch\/?page_id=17\",\"url\":\"https:\/\/projektwoche25.publicraft.ch\/?page_id=17\",\"name\":\"Massentourismus in den Cinque Terre - Projektwoche 25\",\"isPartOf\":{\"@id\":\"https:\/\/projektwoche25.publicraft.ch\/#website\"},\"primaryImageOfPage\":{\"@id\":\"https:\/\/projektwoche25.publicraft.ch\/?page_id=17#primaryimage\"},\"image\":{\"@id\":\"https:\/\/projektwoche25.publicraft.ch\/?page_id=17#primaryimage\"},\"thumbnailUrl\":\"https:\/\/i.guim.co.uk\/img\/media\/9bee3c967e148769a512feb90cf8e82412a89120\/0_0_6000_4002\/master\/6000.jpg?width=1300&amp;dpr=2&amp;s=none&amp;crop=none\",\"datePublished\":\"2024-11-27T15:46:41+00:00\",\"dateModified\":\"2025-02-06T09:29:39+00:00\",\"breadcrumb\":{\"@id\":\"https:\/\/projektwoche25.publicraft.ch\/?page_id=17#breadcrumb\"},\"inLanguage\":\"de\",\"potentialAction\":[{\"@type\":\"ReadAction\",\"target\":[\"https:\/\/projektwoche25.publicraft.ch\/?page_id=17\"]}]},{\"@type\":\"ImageObject\",\"inLanguage\":\"de\",\"@id\":\"https:\/\/projektwoche25.publicraft.ch\/?page_id=17#primaryimage\",\"url\":\"https:\/\/i.guim.co.uk\/img\/media\/9bee3c967e148769a512feb90cf8e82412a89120\/0_0_6000_4002\/master\/6000.jpg?width=1300&amp;dpr=2&amp;s=none&amp;crop=none\",\"contentUrl\":\"https:\/\/i.guim.co.uk\/img\/media\/9bee3c967e148769a512feb90cf8e82412a89120\/0_0_6000_4002\/master\/6000.jpg?width=1300&amp;dpr=2&amp;s=none&amp;crop=none\"},{\"@type\":\"BreadcrumbList\",\"@id\":\"https:\/\/projektwoche25.publicraft.ch\/?page_id=17#breadcrumb\",\"itemListElement\":[{\"@type\":\"ListItem\",\"position\":1,\"name\":\"Startseite\",\"item\":\"https:\/\/projektwoche25.publicraft.ch\/\"},{\"@type\":\"ListItem\",\"position\":2,\"name\":\"Vortr\u00e4ge\",\"item\":\"https:\/\/projektwoche25.publicraft.ch\/?page_id=13\"},{\"@type\":\"ListItem\",\"position\":3,\"name\":\"Massentourismus in den Cinque Terre\"}]},{\"@type\":\"WebSite\",\"@id\":\"https:\/\/projektwoche25.publicraft.ch\/#website\",\"url\":\"https:\/\/projektwoche25.publicraft.ch\/\",\"name\":\"Projektwoche 25\",\"description\":\"Schwerpunktfach Biologie und Chemie\",\"potentialAction\":[{\"@type\":\"SearchAction\",\"target\":{\"@type\":\"EntryPoint\",\"urlTemplate\":\"https:\/\/projektwoche25.publicraft.ch\/?s={search_term_string}\"},\"query-input\":{\"@type\":\"PropertyValueSpecification\",\"valueRequired\":true,\"valueName\":\"search_term_string\"}}],\"inLanguage\":\"de\"}]}<\/script>\n<!-- \/ Yoast SEO plugin. -->","yoast_head_json":{"title":"Massentourismus in den Cinque Terre - Projektwoche 25","robots":{"index":"noindex","follow":"follow","max-snippet":"max-snippet:-1","max-image-preview":"max-image-preview:large","max-video-preview":"max-video-preview:-1"},"og_locale":"de_DE","og_type":"article","og_title":"Massentourismus in den Cinque Terre - Projektwoche 25","og_description":"Kurze Einf\u00fchrung Massentourismus wird zu einem immer gr\u00f6sseren Problem in touristischen Regionen. So auch in den Cinque Terre. Die Cinque Terre liegen an der ligurischen Riviera an der Westk\u00fcste Norditaliens. Die f\u00fcnf D\u00f6rfer, zusammen nur etwa 9\u2018000 Einwohner haben, werden vor allem im Sommer regelrecht von Touristen \u00fcberrannt. Im Jahr 2023 wurden sie von rund [&hellip;]","og_url":"https:\/\/projektwoche25.publicraft.ch\/?page_id=17","og_site_name":"Projektwoche 25","article_modified_time":"2025-02-06T09:29:39+00:00","og_image":[{"url":"https:\/\/i.guim.co.uk\/img\/media\/9bee3c967e148769a512feb90cf8e82412a89120\/0_0_6000_4002\/master\/6000.jpg?width=1300&amp;dpr=2&amp;s=none&amp;crop=none","type":"","width":"","height":""}],"twitter_card":"summary_large_image","twitter_misc":{"Gesch\u00e4tzte Lesezeit":"3\u00a0Minuten"},"schema":{"@context":"https:\/\/schema.org","@graph":[{"@type":"WebPage","@id":"https:\/\/projektwoche25.publicraft.ch\/?page_id=17","url":"https:\/\/projektwoche25.publicraft.ch\/?page_id=17","name":"Massentourismus in den Cinque Terre - Projektwoche 25","isPartOf":{"@id":"https:\/\/projektwoche25.publicraft.ch\/#website"},"primaryImageOfPage":{"@id":"https:\/\/projektwoche25.publicraft.ch\/?page_id=17#primaryimage"},"image":{"@id":"https:\/\/projektwoche25.publicraft.ch\/?page_id=17#primaryimage"},"thumbnailUrl":"https:\/\/i.guim.co.uk\/img\/media\/9bee3c967e148769a512feb90cf8e82412a89120\/0_0_6000_4002\/master\/6000.jpg?width=1300&amp;dpr=2&amp;s=none&amp;crop=none","datePublished":"2024-11-27T15:46:41+00:00","dateModified":"2025-02-06T09:29:39+00:00","breadcrumb":{"@id":"https:\/\/projektwoche25.publicraft.ch\/?page_id=17#breadcrumb"},"inLanguage":"de","potentialAction":[{"@type":"ReadAction","target":["https:\/\/projektwoche25.publicraft.ch\/?page_id=17"]}]},{"@type":"ImageObject","inLanguage":"de","@id":"https:\/\/projektwoche25.publicraft.ch\/?page_id=17#primaryimage","url":"https:\/\/i.guim.co.uk\/img\/media\/9bee3c967e148769a512feb90cf8e82412a89120\/0_0_6000_4002\/master\/6000.jpg?width=1300&amp;dpr=2&amp;s=none&amp;crop=none","contentUrl":"https:\/\/i.guim.co.uk\/img\/media\/9bee3c967e148769a512feb90cf8e82412a89120\/0_0_6000_4002\/master\/6000.jpg?width=1300&amp;dpr=2&amp;s=none&amp;crop=none"},{"@type":"BreadcrumbList","@id":"https:\/\/projektwoche25.publicraft.ch\/?page_id=17#breadcrumb","itemListElement":[{"@type":"ListItem","position":1,"name":"Startseite","item":"https:\/\/projektwoche25.publicraft.ch\/"},{"@type":"ListItem","position":2,"name":"Vortr\u00e4ge","item":"https:\/\/projektwoche25.publicraft.ch\/?page_id=13"},{"@type":"ListItem","position":3,"name":"Massentourismus in den Cinque Terre"}]},{"@type":"WebSite","@id":"https:\/\/projektwoche25.publicraft.ch\/#website","url":"https:\/\/projektwoche25.publicraft.ch\/","name":"Projektwoche 25","description":"Schwerpunktfach Biologie und Chemie","potentialAction":[{"@type":"SearchAction","target":{"@type":"EntryPoint","urlTemplate":"https:\/\/projektwoche25.publicraft.ch\/?s={search_term_string}"},"query-input":{"@type":"PropertyValueSpecification","valueRequired":true,"valueName":"search_term_string"}}],"inLanguage":"de"}]}},"_links":{"self":[{"href":"https:\/\/projektwoche25.publicraft.ch\/index.php?rest_route=\/wp\/v2\/pages\/17","targetHints":{"allow":["GET"]}}],"collection":[{"href":"https:\/\/projektwoche25.publicraft.ch\/index.php?rest_route=\/wp\/v2\/pages"}],"about":[{"href":"https:\/\/projektwoche25.publicraft.ch\/index.php?rest_route=\/wp\/v2\/types\/page"}],"author":[{"embeddable":true,"href":"https:\/\/projektwoche25.publicraft.ch\/index.php?rest_route=\/wp\/v2\/users\/12"}],"replies":[{"embeddable":true,"href":"https:\/\/projektwoche25.publicraft.ch\/index.php?rest_route=%2Fwp%2Fv2%2Fcomments&post=17"}],"version-history":[{"count":17,"href":"https:\/\/projektwoche25.publicraft.ch\/index.php?rest_route=\/wp\/v2\/pages\/17\/revisions"}],"predecessor-version":[{"id":211,"href":"https:\/\/projektwoche25.publicraft.ch\/index.php?rest_route=\/wp\/v2\/pages\/17\/revisions\/211"}],"up":[{"embeddable":true,"href":"https:\/\/projektwoche25.publicraft.ch\/index.php?rest_route=\/wp\/v2\/pages\/13"}],"wp:attachment":[{"href":"https:\/\/projektwoche25.publicraft.ch\/index.php?rest_route=%2Fwp%2Fv2%2Fmedia&parent=17"}],"curies":[{"name":"wp","href":"https:\/\/api.w.org\/{rel}","templated":true}]}}