{"id":23,"date":"2024-11-27T15:47:38","date_gmt":"2024-11-27T15:47:38","guid":{"rendered":"https:\/\/projektwoche25.publicraft.ch\/?page_id=23"},"modified":"2025-02-06T09:26:23","modified_gmt":"2025-02-06T09:26:23","slug":"vortrag-5","status":"publish","type":"page","link":"https:\/\/projektwoche25.publicraft.ch\/?page_id=23","title":{"rendered":"LokAle SPEZIAlit\u00e4ten"},"content":{"rendered":"\n<p>Die K\u00fcche der Cinque Terre und der gesamten ligurischen Region ist gepr\u00e4gt von traditionellen Spezialit\u00e4ten, die mit einfachen, aber hochwertigen Zutaten \u00fcberzeugen. Eine beliebte Delikatesse ist Panissa, ein herzhafter Snack aus Kichererbsenmehl, der fr\u00fcher in den typischen Bratstuben der Region verkauft wurde. Die Zubereitung erinnert an Polenta: Das Mehl wird mit Wasser vermengt und anschlie\u00dfend frittiert. Das Ergebnis ist ein knuspriges und aromatisches Gericht, das sowohl warm als auch kalt hervorragend schmeckt \u2013 ideal auch f\u00fcr Vegetarier.<\/p>\n\n\n\n<p>Ein weiteres Highlight sind Trofie mit Genueser Pesto, ein klassisches Pastagericht, das seinen Ursprung vermutlich in Sori, nahe Genua, hat. Die charakteristische, gedrehte Pasta harmoniert perfekt mit dem traditionellen Pesto alla Genovese, das aus frischem Basilikum D.O.P., nativem Oliven\u00f6l extra, Pinienkernen, Knoblauch, Pecorino und Parmigiano Reggiano besteht. Neben der klassischen Zubereitung erfreut sich auch eine Variante mit gr\u00fcnen Bohnen und Kartoffeln gro\u00dfer Beliebtheit, da sie das Gericht noch herzhafter macht.<\/p>\n\n\n\n<p>F\u00fcr Fleischliebhaber bietet die Region mit Kaninchen nach ligurischer Art eine besondere Spezialit\u00e4t. Das zarte Fleisch wird mit den aromatischen Taggiasca-Oliven, Pinienkernen und einem edlen Carli Rossese di Dolceacqua D.O.C. Wein verfeinert. Dieses Gericht vereint die Aromen Liguriens und spiegelt die kulinarische Tradition der Region perfekt wider.<\/p>\n\n\n\n<figure class=\"wp-block-image size-full\"><img loading=\"lazy\" decoding=\"async\" width=\"640\" height=\"427\" src=\"https:\/\/projektwoche25.publicraft.ch\/wp-content\/uploads\/2025\/02\/WhatsApp-Bild-2025-02-06-um-09.33.17_b8e1bd73.jpg\" alt=\"\" class=\"wp-image-153\" srcset=\"https:\/\/projektwoche25.publicraft.ch\/wp-content\/uploads\/2025\/02\/WhatsApp-Bild-2025-02-06-um-09.33.17_b8e1bd73.jpg 640w, https:\/\/projektwoche25.publicraft.ch\/wp-content\/uploads\/2025\/02\/WhatsApp-Bild-2025-02-06-um-09.33.17_b8e1bd73-300x200.jpg 300w\" sizes=\"auto, (max-width: 640px) 100vw, 640px\" \/><\/figure>\n\n\n\n<p>Auch die Pasta-Kultur Liguriens hat einige einzigartige Formen zu bieten. Corzetti, eine traditionelle Pastasorte aus der Gegend um Genua, besticht durch ihre kunstvolle Medaillenform, die mit einer speziellen Holzausstechform gepr\u00e4gt wird. Fr\u00fcher wurde darauf oft das Familienwappen verewigt. Serviert werden Corzetti meist mit einer cremigen Walnusssauce oder einem aromatischen Kr\u00e4uter-Pesto. Eine weitere Spezialit\u00e4t sind Pansotti, eine gef\u00fcllte Pasta, die optisch an Ravioli erinnert. Ihre F\u00fcllung besteht traditionell aus wilden Feldkr\u00e4utern wie Borretsch, Brennnessel, Bibernelle und Mangold, kombiniert mit Ricotta und feinen Gew\u00fcrzen. Die klassische Begleitung dazu ist eine cremige Walnusssauce, die den Geschmack perfekt abrundet.<\/p>\n\n\n\n<p>Doch nicht nur herzhafte Gerichte haben in Ligurien eine lange Tradition \u2013 auch s\u00fc\u00dfe Spezialit\u00e4ten geh\u00f6ren zur kulinarischen Vielfalt. Gobeletti, auch als Cubeletti bekannt, sind kleine M\u00fcrbeteigt\u00f6rtchen aus der Gegend von Rapallo. Gef\u00fcllt mit aromatischer Quittenkonfit\u00fcre, erinnern sie mit ihrer geriffelten Basis und der gew\u00f6lbten Haube an kleine H\u00fcte, was ihnen ihren Namen aus dem ligurischen Dialektwort \u201ecappelletto\u201c (kleines H\u00fctchen) einbrachte. Mit einer feinen Schicht Puderzucker best\u00e4ubt, sind sie eine k\u00f6stliche Versuchung.<\/p>\n\n\n\n<p>Ebenfalls unwiderstehlich sind die Baci aus Alassio \u2013 zarte Haselnuss-Schokoladen-Kekse, gef\u00fcllt mit einer cremigen Schokoladenganache. Sie erinnern an die ber\u00fchmten Baci di Dama aus dem Piemont und wurden einst vom renommierten Konditor Rinaldo Balzola, dem Hoflieferanten des K\u00f6nigshauses Savoyen, kreiert. Diese Spezialit\u00e4t zeigt, dass die ligurische K\u00fcche mit wenigen, aber erstklassigen Zutaten wahre Gaumenfreuden zaubern kann \u2013 authentisch, aromatisch und ohne \u00fcberfl\u00fcssigen Schnickschnack.<\/p>\n","protected":false},"excerpt":{"rendered":"<p>Die K\u00fcche der Cinque Terre und der gesamten ligurischen Region ist gepr\u00e4gt von traditionellen Spezialit\u00e4ten, die mit einfachen, aber hochwertigen Zutaten \u00fcberzeugen. Eine beliebte Delikatesse ist Panissa, ein herzhafter Snack aus Kichererbsenmehl, der fr\u00fcher in den typischen Bratstuben der Region verkauft wurde. Die Zubereitung erinnert an Polenta: Das Mehl wird mit Wasser vermengt und anschlie\u00dfend [&hellip;]<\/p>\n","protected":false},"author":5,"featured_media":208,"parent":13,"menu_order":0,"comment_status":"closed","ping_status":"closed","template":"","meta":{"footnotes":""},"class_list":["post-23","page","type-page","status-publish","has-post-thumbnail","hentry"],"yoast_head":"<!-- This site is optimized with the Yoast SEO plugin v26.9 - https:\/\/yoast.com\/product\/yoast-seo-wordpress\/ -->\n<title>LokAle SPEZIAlit\u00e4ten - Projektwoche 25<\/title>\n<meta name=\"robots\" content=\"noindex, follow, max-snippet:-1, max-image-preview:large, max-video-preview:-1\" \/>\n<meta property=\"og:locale\" content=\"de_DE\" \/>\n<meta property=\"og:type\" content=\"article\" \/>\n<meta property=\"og:title\" content=\"LokAle SPEZIAlit\u00e4ten - Projektwoche 25\" \/>\n<meta property=\"og:description\" content=\"Die K\u00fcche der Cinque Terre und der gesamten ligurischen Region ist gepr\u00e4gt von traditionellen Spezialit\u00e4ten, die mit einfachen, aber hochwertigen Zutaten \u00fcberzeugen. Eine beliebte Delikatesse ist Panissa, ein herzhafter Snack aus Kichererbsenmehl, der fr\u00fcher in den typischen Bratstuben der Region verkauft wurde. Die Zubereitung erinnert an Polenta: Das Mehl wird mit Wasser vermengt und anschlie\u00dfend [&hellip;]\" \/>\n<meta property=\"og:url\" content=\"https:\/\/projektwoche25.publicraft.ch\/?page_id=23\" \/>\n<meta property=\"og:site_name\" content=\"Projektwoche 25\" \/>\n<meta property=\"article:modified_time\" content=\"2025-02-06T09:26:23+00:00\" \/>\n<meta property=\"og:image\" content=\"https:\/\/projektwoche25.publicraft.ch\/wp-content\/uploads\/2025\/02\/import-2018-147265.jpg\" \/>\n\t<meta property=\"og:image:width\" content=\"750\" \/>\n\t<meta property=\"og:image:height\" content=\"421\" \/>\n\t<meta property=\"og:image:type\" content=\"image\/jpeg\" \/>\n<meta name=\"twitter:card\" content=\"summary_large_image\" \/>\n<meta name=\"twitter:label1\" content=\"Gesch\u00e4tzte Lesezeit\" \/>\n\t<meta name=\"twitter:data1\" content=\"3\u00a0Minuten\" \/>\n<script type=\"application\/ld+json\" class=\"yoast-schema-graph\">{\"@context\":\"https:\/\/schema.org\",\"@graph\":[{\"@type\":\"WebPage\",\"@id\":\"https:\/\/projektwoche25.publicraft.ch\/?page_id=23\",\"url\":\"https:\/\/projektwoche25.publicraft.ch\/?page_id=23\",\"name\":\"LokAle SPEZIAlit\u00e4ten - Projektwoche 25\",\"isPartOf\":{\"@id\":\"https:\/\/projektwoche25.publicraft.ch\/#website\"},\"primaryImageOfPage\":{\"@id\":\"https:\/\/projektwoche25.publicraft.ch\/?page_id=23#primaryimage\"},\"image\":{\"@id\":\"https:\/\/projektwoche25.publicraft.ch\/?page_id=23#primaryimage\"},\"thumbnailUrl\":\"https:\/\/projektwoche25.publicraft.ch\/wp-content\/uploads\/2025\/02\/import-2018-147265.jpg\",\"datePublished\":\"2024-11-27T15:47:38+00:00\",\"dateModified\":\"2025-02-06T09:26:23+00:00\",\"breadcrumb\":{\"@id\":\"https:\/\/projektwoche25.publicraft.ch\/?page_id=23#breadcrumb\"},\"inLanguage\":\"de\",\"potentialAction\":[{\"@type\":\"ReadAction\",\"target\":[\"https:\/\/projektwoche25.publicraft.ch\/?page_id=23\"]}]},{\"@type\":\"ImageObject\",\"inLanguage\":\"de\",\"@id\":\"https:\/\/projektwoche25.publicraft.ch\/?page_id=23#primaryimage\",\"url\":\"https:\/\/projektwoche25.publicraft.ch\/wp-content\/uploads\/2025\/02\/import-2018-147265.jpg\",\"contentUrl\":\"https:\/\/projektwoche25.publicraft.ch\/wp-content\/uploads\/2025\/02\/import-2018-147265.jpg\",\"width\":750,\"height\":421},{\"@type\":\"BreadcrumbList\",\"@id\":\"https:\/\/projektwoche25.publicraft.ch\/?page_id=23#breadcrumb\",\"itemListElement\":[{\"@type\":\"ListItem\",\"position\":1,\"name\":\"Startseite\",\"item\":\"https:\/\/projektwoche25.publicraft.ch\/\"},{\"@type\":\"ListItem\",\"position\":2,\"name\":\"Vortr\u00e4ge\",\"item\":\"https:\/\/projektwoche25.publicraft.ch\/?page_id=13\"},{\"@type\":\"ListItem\",\"position\":3,\"name\":\"LokAle SPEZIAlit\u00e4ten\"}]},{\"@type\":\"WebSite\",\"@id\":\"https:\/\/projektwoche25.publicraft.ch\/#website\",\"url\":\"https:\/\/projektwoche25.publicraft.ch\/\",\"name\":\"Projektwoche 25\",\"description\":\"Schwerpunktfach Biologie und Chemie\",\"potentialAction\":[{\"@type\":\"SearchAction\",\"target\":{\"@type\":\"EntryPoint\",\"urlTemplate\":\"https:\/\/projektwoche25.publicraft.ch\/?s={search_term_string}\"},\"query-input\":{\"@type\":\"PropertyValueSpecification\",\"valueRequired\":true,\"valueName\":\"search_term_string\"}}],\"inLanguage\":\"de\"}]}<\/script>\n<!-- \/ Yoast SEO plugin. -->","yoast_head_json":{"title":"LokAle SPEZIAlit\u00e4ten - Projektwoche 25","robots":{"index":"noindex","follow":"follow","max-snippet":"max-snippet:-1","max-image-preview":"max-image-preview:large","max-video-preview":"max-video-preview:-1"},"og_locale":"de_DE","og_type":"article","og_title":"LokAle SPEZIAlit\u00e4ten - Projektwoche 25","og_description":"Die K\u00fcche der Cinque Terre und der gesamten ligurischen Region ist gepr\u00e4gt von traditionellen Spezialit\u00e4ten, die mit einfachen, aber hochwertigen Zutaten \u00fcberzeugen. Eine beliebte Delikatesse ist Panissa, ein herzhafter Snack aus Kichererbsenmehl, der fr\u00fcher in den typischen Bratstuben der Region verkauft wurde. Die Zubereitung erinnert an Polenta: Das Mehl wird mit Wasser vermengt und anschlie\u00dfend [&hellip;]","og_url":"https:\/\/projektwoche25.publicraft.ch\/?page_id=23","og_site_name":"Projektwoche 25","article_modified_time":"2025-02-06T09:26:23+00:00","og_image":[{"width":750,"height":421,"url":"https:\/\/projektwoche25.publicraft.ch\/wp-content\/uploads\/2025\/02\/import-2018-147265.jpg","type":"image\/jpeg"}],"twitter_card":"summary_large_image","twitter_misc":{"Gesch\u00e4tzte Lesezeit":"3\u00a0Minuten"},"schema":{"@context":"https:\/\/schema.org","@graph":[{"@type":"WebPage","@id":"https:\/\/projektwoche25.publicraft.ch\/?page_id=23","url":"https:\/\/projektwoche25.publicraft.ch\/?page_id=23","name":"LokAle SPEZIAlit\u00e4ten - Projektwoche 25","isPartOf":{"@id":"https:\/\/projektwoche25.publicraft.ch\/#website"},"primaryImageOfPage":{"@id":"https:\/\/projektwoche25.publicraft.ch\/?page_id=23#primaryimage"},"image":{"@id":"https:\/\/projektwoche25.publicraft.ch\/?page_id=23#primaryimage"},"thumbnailUrl":"https:\/\/projektwoche25.publicraft.ch\/wp-content\/uploads\/2025\/02\/import-2018-147265.jpg","datePublished":"2024-11-27T15:47:38+00:00","dateModified":"2025-02-06T09:26:23+00:00","breadcrumb":{"@id":"https:\/\/projektwoche25.publicraft.ch\/?page_id=23#breadcrumb"},"inLanguage":"de","potentialAction":[{"@type":"ReadAction","target":["https:\/\/projektwoche25.publicraft.ch\/?page_id=23"]}]},{"@type":"ImageObject","inLanguage":"de","@id":"https:\/\/projektwoche25.publicraft.ch\/?page_id=23#primaryimage","url":"https:\/\/projektwoche25.publicraft.ch\/wp-content\/uploads\/2025\/02\/import-2018-147265.jpg","contentUrl":"https:\/\/projektwoche25.publicraft.ch\/wp-content\/uploads\/2025\/02\/import-2018-147265.jpg","width":750,"height":421},{"@type":"BreadcrumbList","@id":"https:\/\/projektwoche25.publicraft.ch\/?page_id=23#breadcrumb","itemListElement":[{"@type":"ListItem","position":1,"name":"Startseite","item":"https:\/\/projektwoche25.publicraft.ch\/"},{"@type":"ListItem","position":2,"name":"Vortr\u00e4ge","item":"https:\/\/projektwoche25.publicraft.ch\/?page_id=13"},{"@type":"ListItem","position":3,"name":"LokAle SPEZIAlit\u00e4ten"}]},{"@type":"WebSite","@id":"https:\/\/projektwoche25.publicraft.ch\/#website","url":"https:\/\/projektwoche25.publicraft.ch\/","name":"Projektwoche 25","description":"Schwerpunktfach Biologie und Chemie","potentialAction":[{"@type":"SearchAction","target":{"@type":"EntryPoint","urlTemplate":"https:\/\/projektwoche25.publicraft.ch\/?s={search_term_string}"},"query-input":{"@type":"PropertyValueSpecification","valueRequired":true,"valueName":"search_term_string"}}],"inLanguage":"de"}]}},"_links":{"self":[{"href":"https:\/\/projektwoche25.publicraft.ch\/index.php?rest_route=\/wp\/v2\/pages\/23","targetHints":{"allow":["GET"]}}],"collection":[{"href":"https:\/\/projektwoche25.publicraft.ch\/index.php?rest_route=\/wp\/v2\/pages"}],"about":[{"href":"https:\/\/projektwoche25.publicraft.ch\/index.php?rest_route=\/wp\/v2\/types\/page"}],"author":[{"embeddable":true,"href":"https:\/\/projektwoche25.publicraft.ch\/index.php?rest_route=\/wp\/v2\/users\/5"}],"replies":[{"embeddable":true,"href":"https:\/\/projektwoche25.publicraft.ch\/index.php?rest_route=%2Fwp%2Fv2%2Fcomments&post=23"}],"version-history":[{"count":10,"href":"https:\/\/projektwoche25.publicraft.ch\/index.php?rest_route=\/wp\/v2\/pages\/23\/revisions"}],"predecessor-version":[{"id":172,"href":"https:\/\/projektwoche25.publicraft.ch\/index.php?rest_route=\/wp\/v2\/pages\/23\/revisions\/172"}],"up":[{"embeddable":true,"href":"https:\/\/projektwoche25.publicraft.ch\/index.php?rest_route=\/wp\/v2\/pages\/13"}],"wp:featuredmedia":[{"embeddable":true,"href":"https:\/\/projektwoche25.publicraft.ch\/index.php?rest_route=\/wp\/v2\/media\/208"}],"wp:attachment":[{"href":"https:\/\/projektwoche25.publicraft.ch\/index.php?rest_route=%2Fwp%2Fv2%2Fmedia&parent=23"}],"curies":[{"name":"wp","href":"https:\/\/api.w.org\/{rel}","templated":true}]}}