{"id":25,"date":"2024-11-27T15:47:56","date_gmt":"2024-11-27T15:47:56","guid":{"rendered":"https:\/\/projektwoche25.publicraft.ch\/?page_id=25"},"modified":"2025-06-02T18:05:13","modified_gmt":"2025-06-02T18:05:13","slug":"vortrag-6","status":"publish","type":"page","link":"https:\/\/projektwoche25.publicraft.ch\/?page_id=25","title":{"rendered":"F\u00fchrung durch La Spezia"},"content":{"rendered":"\n<p>La Spezia hat eine handvoll an Sehensw\u00fcrdigkeiten, welche man alle beim Besuch der Stadt gesehen haben muss. Drei davon stechen besonders heraus: <\/p>\n\n\n\n<p class=\"has-text-align-left has-large-font-size\">Monument von Giuseppe Garibaldi <\/p>\n\n\n\n<div class=\"wp-block-media-text has-media-on-the-right is-stacked-on-mobile\" style=\"grid-template-columns:auto 37%\"><div class=\"wp-block-media-text__content\">\n<p class=\"has-text-align-left\">Der Name Garibaldi ist in Italien weit bekannt, da es sich dabei um einen Nationalhelden handelt. Giuseppe Garibaldi k\u00e4mpfte f\u00fcr Freiheit, nationale Einheit und gegen Unterdr\u00fcckung. Er spielte eine grosse Rolle bei der Einigung Italiens im 19. Jahrhundert, indem er die vielen kleinen Staaten wieder zu einem einzelnen Staat zusammenbrachte und k\u00e4mpfte auch in S\u00fcdamerika als S\u00f6ldner f\u00fcr Unabh\u00e4ngigkeit. Durch seine Taten wurde er auch zu einer internationalen Symbolfigur f\u00fcr den Freiheitskampf. Das Monument beziehungsweise die Kupferstatue von Giuseppe Garibaldi befindet sich in den \u00f6ffentlichen G\u00e4rten direkt beim historischen Zentrum von La Spezia. In ganz Italien und auch im Ausland gibt es noch viele andere Monumente, die den Nationalhelden verewigen und ehren.<\/p>\n<\/div><figure class=\"wp-block-media-text__media\"><img loading=\"lazy\" decoding=\"async\" width=\"768\" height=\"1024\" src=\"https:\/\/projektwoche25.publicraft.ch\/wp-content\/uploads\/2025\/06\/image-768x1024.png\" alt=\"\" class=\"wp-image-433 size-full\" srcset=\"https:\/\/projektwoche25.publicraft.ch\/wp-content\/uploads\/2025\/06\/image-768x1024.png 768w, https:\/\/projektwoche25.publicraft.ch\/wp-content\/uploads\/2025\/06\/image-225x300.png 225w, https:\/\/projektwoche25.publicraft.ch\/wp-content\/uploads\/2025\/06\/image-1152x1536.png 1152w, https:\/\/projektwoche25.publicraft.ch\/wp-content\/uploads\/2025\/06\/image.png 1200w\" sizes=\"auto, (max-width: 768px) 100vw, 768px\" \/><\/figure><\/div>\n\n\n\n<p><\/p>\n\n\n\n<p class=\"has-large-font-size\">Stadio Alberto Picco<\/p>\n\n\n\n<figure class=\"wp-block-image size-large\"><img loading=\"lazy\" decoding=\"async\" width=\"1024\" height=\"576\" src=\"https:\/\/projektwoche25.publicraft.ch\/wp-content\/uploads\/2025\/05\/image-7-1024x576.png\" alt=\"\" class=\"wp-image-386\" srcset=\"https:\/\/projektwoche25.publicraft.ch\/wp-content\/uploads\/2025\/05\/image-7-1024x576.png 1024w, https:\/\/projektwoche25.publicraft.ch\/wp-content\/uploads\/2025\/05\/image-7-300x169.png 300w, https:\/\/projektwoche25.publicraft.ch\/wp-content\/uploads\/2025\/05\/image-7-768x432.png 768w, https:\/\/projektwoche25.publicraft.ch\/wp-content\/uploads\/2025\/05\/image-7-1536x864.png 1536w, https:\/\/projektwoche25.publicraft.ch\/wp-content\/uploads\/2025\/05\/image-7.png 1920w\" sizes=\"auto, (max-width: 1024px) 100vw, 1024px\" \/><\/figure>\n\n\n\n<p>Seit 1919 finden die Heimspiele vom Fussballclub Spezia Calcio in diesen Stadium statt. Es wurde nach Alberto Picco benannt, einem Soldaten, der im ersten Weltkrieg heroisch starb und das erste Tor f\u00fcr diesen Club traf. Das Stadium befindet sich direkt am Hafen im westlichen Teil der Stadt. Insgesamt beinhaltet es knapp \u00fcber 12 tausend Zuschauerpl\u00e4tze. Der Club spielt momentan in der in der Serie B, der zweiten Liga Italiens, weswegen das Stadium auch nicht eine sehr hohe Kapazit\u00e4t hat.<\/p>\n\n\n\n<p class=\"has-large-font-size\">Kirche Santa Maria Assunta <\/p>\n\n\n\n<figure class=\"wp-block-gallery aligncenter has-nested-images columns-default is-cropped wp-block-gallery-1 is-layout-flex wp-block-gallery-is-layout-flex\">\n<figure class=\"wp-block-image size-full is-resized\"><img loading=\"lazy\" decoding=\"async\" width=\"721\" height=\"541\" data-id=\"392\" src=\"https:\/\/projektwoche25.publicraft.ch\/wp-content\/uploads\/2025\/05\/image-8-edited.png\" alt=\"\" class=\"wp-image-392\" style=\"width:409px;height:auto\" srcset=\"https:\/\/projektwoche25.publicraft.ch\/wp-content\/uploads\/2025\/05\/image-8-edited.png 721w, https:\/\/projektwoche25.publicraft.ch\/wp-content\/uploads\/2025\/05\/image-8-edited-300x225.png 300w\" sizes=\"auto, (max-width: 721px) 100vw, 721px\" \/><\/figure>\n\n\n\n<figure class=\"wp-block-image size-full\"><img loading=\"lazy\" decoding=\"async\" width=\"723\" height=\"542\" data-id=\"391\" src=\"https:\/\/projektwoche25.publicraft.ch\/wp-content\/uploads\/2025\/05\/image-9-edited.png\" alt=\"\" class=\"wp-image-391\" srcset=\"https:\/\/projektwoche25.publicraft.ch\/wp-content\/uploads\/2025\/05\/image-9-edited.png 723w, https:\/\/projektwoche25.publicraft.ch\/wp-content\/uploads\/2025\/05\/image-9-edited-300x225.png 300w\" sizes=\"auto, (max-width: 723px) 100vw, 723px\" \/><\/figure>\n<\/figure>\n\n\n\n<p>Die im 13. Jahrhundert entstandene und 1454 neu errichtete ehemalige Kathedrale wurde durch Bombardierungen im zweiten Weltkrieg gr\u00f6sstenteils zers\u00f6rt. Die Kirche wurde also mehrfach restauriert oder Teile des Geb\u00e4udes mussten wiederaufgebaut werden, darunter auch die Fassade, die heute ein Muster aus Streifen aufweist. Bein dunkleren Stein handelt es sich um Serpentinit, welcher in der Region in Grossen Mengen vorkommt. Bei der Sie liegt im Zentrum der Stadt und ist nach der Kathedrale von Cristo Re die gr\u00f6sste sowie die wichtigste r\u00f6misch-katholische Kirche in La Spezia. Sie wird w\u00f6chentlich immer noch f\u00fcr Religi\u00f6se Feste und Veranstaltungen verwendet. Im inneren der Kirche befinden sich bedeutende Kunstwerke aus der Toskana und Ligurien.<\/p>\n\n\n\n<p><\/p>\n\n\n\n<p><strong>Quellen:<\/strong><\/p>\n\n\n\n<p><a href=\"https:\/\/de.wikipedia.org\/wiki\/Giuseppe_Garibaldi\">https:\/\/de.wikipedia.org\/wiki\/Giuseppe_Garibaldi<\/a><\/p>\n\n\n\n<p><a href=\"https:\/\/www.speziacalcio.com\/en\/stadio-alberto-picco.12103.html\">https:\/\/www.speziacalcio.com\/en\/stadio-alberto-picco.12103.html<\/a><\/p>\n\n\n\n<p><a href=\"https:\/\/www.lucadea.com\/en\/2022\/04\/03\/la-facciata-della-chiesa-abbaziale-di-santa-maria-assunta-a-la-spezia.com\">https:\/\/www.lucadea.com\/en\/2022\/04\/03\/la-facciata-della-chiesa-abbaziale-di-santa-maria-assunta-a-la-spezia.com<\/a><\/p>\n\n\n\n<p><\/p>\n","protected":false},"excerpt":{"rendered":"<p>La Spezia hat eine handvoll an Sehensw\u00fcrdigkeiten, welche man alle beim Besuch der Stadt gesehen haben muss. Drei davon stechen besonders heraus: Monument von Giuseppe Garibaldi Der Name Garibaldi ist in Italien weit bekannt, da es sich dabei um einen Nationalhelden handelt. Giuseppe Garibaldi k\u00e4mpfte f\u00fcr Freiheit, nationale Einheit und gegen Unterdr\u00fcckung. Er spielte eine [&hellip;]<\/p>\n","protected":false},"author":1,"featured_media":0,"parent":13,"menu_order":0,"comment_status":"closed","ping_status":"closed","template":"","meta":{"footnotes":""},"class_list":["post-25","page","type-page","status-publish","hentry"],"yoast_head":"<!-- This site is optimized with the Yoast SEO plugin v26.9 - https:\/\/yoast.com\/product\/yoast-seo-wordpress\/ -->\n<title>F\u00fchrung durch La Spezia - Projektwoche 25<\/title>\n<meta name=\"robots\" content=\"noindex, follow, max-snippet:-1, max-image-preview:large, max-video-preview:-1\" \/>\n<meta property=\"og:locale\" content=\"de_DE\" \/>\n<meta property=\"og:type\" content=\"article\" \/>\n<meta property=\"og:title\" content=\"F\u00fchrung durch La Spezia - Projektwoche 25\" \/>\n<meta property=\"og:description\" content=\"La Spezia hat eine handvoll an Sehensw\u00fcrdigkeiten, welche man alle beim Besuch der Stadt gesehen haben muss. Drei davon stechen besonders heraus: Monument von Giuseppe Garibaldi Der Name Garibaldi ist in Italien weit bekannt, da es sich dabei um einen Nationalhelden handelt. Giuseppe Garibaldi k\u00e4mpfte f\u00fcr Freiheit, nationale Einheit und gegen Unterdr\u00fcckung. Er spielte eine [&hellip;]\" \/>\n<meta property=\"og:url\" content=\"https:\/\/projektwoche25.publicraft.ch\/?page_id=25\" \/>\n<meta property=\"og:site_name\" content=\"Projektwoche 25\" \/>\n<meta property=\"article:modified_time\" content=\"2025-06-02T18:05:13+00:00\" \/>\n<meta property=\"og:image\" content=\"https:\/\/projektwoche25.publicraft.ch\/wp-content\/uploads\/2025\/06\/image-768x1024.png\" \/>\n\t<meta property=\"og:image:width\" content=\"768\" \/>\n\t<meta property=\"og:image:height\" content=\"1024\" \/>\n\t<meta property=\"og:image:type\" content=\"image\/png\" \/>\n<meta name=\"twitter:card\" content=\"summary_large_image\" \/>\n<meta name=\"twitter:label1\" content=\"Gesch\u00e4tzte Lesezeit\" \/>\n\t<meta name=\"twitter:data1\" content=\"3\u00a0Minuten\" \/>\n<script type=\"application\/ld+json\" class=\"yoast-schema-graph\">{\"@context\":\"https:\/\/schema.org\",\"@graph\":[{\"@type\":\"WebPage\",\"@id\":\"https:\/\/projektwoche25.publicraft.ch\/?page_id=25\",\"url\":\"https:\/\/projektwoche25.publicraft.ch\/?page_id=25\",\"name\":\"F\u00fchrung durch La Spezia - Projektwoche 25\",\"isPartOf\":{\"@id\":\"https:\/\/projektwoche25.publicraft.ch\/#website\"},\"primaryImageOfPage\":{\"@id\":\"https:\/\/projektwoche25.publicraft.ch\/?page_id=25#primaryimage\"},\"image\":{\"@id\":\"https:\/\/projektwoche25.publicraft.ch\/?page_id=25#primaryimage\"},\"thumbnailUrl\":\"https:\/\/projektwoche25.publicraft.ch\/wp-content\/uploads\/2025\/06\/image-768x1024.png\",\"datePublished\":\"2024-11-27T15:47:56+00:00\",\"dateModified\":\"2025-06-02T18:05:13+00:00\",\"breadcrumb\":{\"@id\":\"https:\/\/projektwoche25.publicraft.ch\/?page_id=25#breadcrumb\"},\"inLanguage\":\"de\",\"potentialAction\":[{\"@type\":\"ReadAction\",\"target\":[\"https:\/\/projektwoche25.publicraft.ch\/?page_id=25\"]}]},{\"@type\":\"ImageObject\",\"inLanguage\":\"de\",\"@id\":\"https:\/\/projektwoche25.publicraft.ch\/?page_id=25#primaryimage\",\"url\":\"https:\/\/projektwoche25.publicraft.ch\/wp-content\/uploads\/2025\/06\/image.png\",\"contentUrl\":\"https:\/\/projektwoche25.publicraft.ch\/wp-content\/uploads\/2025\/06\/image.png\",\"width\":1200,\"height\":1600},{\"@type\":\"BreadcrumbList\",\"@id\":\"https:\/\/projektwoche25.publicraft.ch\/?page_id=25#breadcrumb\",\"itemListElement\":[{\"@type\":\"ListItem\",\"position\":1,\"name\":\"Startseite\",\"item\":\"https:\/\/projektwoche25.publicraft.ch\/\"},{\"@type\":\"ListItem\",\"position\":2,\"name\":\"Vortr\u00e4ge\",\"item\":\"https:\/\/projektwoche25.publicraft.ch\/?page_id=13\"},{\"@type\":\"ListItem\",\"position\":3,\"name\":\"F\u00fchrung durch La Spezia\"}]},{\"@type\":\"WebSite\",\"@id\":\"https:\/\/projektwoche25.publicraft.ch\/#website\",\"url\":\"https:\/\/projektwoche25.publicraft.ch\/\",\"name\":\"Projektwoche 25\",\"description\":\"Schwerpunktfach Biologie und Chemie\",\"potentialAction\":[{\"@type\":\"SearchAction\",\"target\":{\"@type\":\"EntryPoint\",\"urlTemplate\":\"https:\/\/projektwoche25.publicraft.ch\/?s={search_term_string}\"},\"query-input\":{\"@type\":\"PropertyValueSpecification\",\"valueRequired\":true,\"valueName\":\"search_term_string\"}}],\"inLanguage\":\"de\"}]}<\/script>\n<!-- \/ Yoast SEO plugin. -->","yoast_head_json":{"title":"F\u00fchrung durch La Spezia - Projektwoche 25","robots":{"index":"noindex","follow":"follow","max-snippet":"max-snippet:-1","max-image-preview":"max-image-preview:large","max-video-preview":"max-video-preview:-1"},"og_locale":"de_DE","og_type":"article","og_title":"F\u00fchrung durch La Spezia - Projektwoche 25","og_description":"La Spezia hat eine handvoll an Sehensw\u00fcrdigkeiten, welche man alle beim Besuch der Stadt gesehen haben muss. Drei davon stechen besonders heraus: Monument von Giuseppe Garibaldi Der Name Garibaldi ist in Italien weit bekannt, da es sich dabei um einen Nationalhelden handelt. Giuseppe Garibaldi k\u00e4mpfte f\u00fcr Freiheit, nationale Einheit und gegen Unterdr\u00fcckung. Er spielte eine [&hellip;]","og_url":"https:\/\/projektwoche25.publicraft.ch\/?page_id=25","og_site_name":"Projektwoche 25","article_modified_time":"2025-06-02T18:05:13+00:00","og_image":[{"width":768,"height":1024,"url":"https:\/\/projektwoche25.publicraft.ch\/wp-content\/uploads\/2025\/06\/image-768x1024.png","type":"image\/png"}],"twitter_card":"summary_large_image","twitter_misc":{"Gesch\u00e4tzte Lesezeit":"3\u00a0Minuten"},"schema":{"@context":"https:\/\/schema.org","@graph":[{"@type":"WebPage","@id":"https:\/\/projektwoche25.publicraft.ch\/?page_id=25","url":"https:\/\/projektwoche25.publicraft.ch\/?page_id=25","name":"F\u00fchrung durch La Spezia - Projektwoche 25","isPartOf":{"@id":"https:\/\/projektwoche25.publicraft.ch\/#website"},"primaryImageOfPage":{"@id":"https:\/\/projektwoche25.publicraft.ch\/?page_id=25#primaryimage"},"image":{"@id":"https:\/\/projektwoche25.publicraft.ch\/?page_id=25#primaryimage"},"thumbnailUrl":"https:\/\/projektwoche25.publicraft.ch\/wp-content\/uploads\/2025\/06\/image-768x1024.png","datePublished":"2024-11-27T15:47:56+00:00","dateModified":"2025-06-02T18:05:13+00:00","breadcrumb":{"@id":"https:\/\/projektwoche25.publicraft.ch\/?page_id=25#breadcrumb"},"inLanguage":"de","potentialAction":[{"@type":"ReadAction","target":["https:\/\/projektwoche25.publicraft.ch\/?page_id=25"]}]},{"@type":"ImageObject","inLanguage":"de","@id":"https:\/\/projektwoche25.publicraft.ch\/?page_id=25#primaryimage","url":"https:\/\/projektwoche25.publicraft.ch\/wp-content\/uploads\/2025\/06\/image.png","contentUrl":"https:\/\/projektwoche25.publicraft.ch\/wp-content\/uploads\/2025\/06\/image.png","width":1200,"height":1600},{"@type":"BreadcrumbList","@id":"https:\/\/projektwoche25.publicraft.ch\/?page_id=25#breadcrumb","itemListElement":[{"@type":"ListItem","position":1,"name":"Startseite","item":"https:\/\/projektwoche25.publicraft.ch\/"},{"@type":"ListItem","position":2,"name":"Vortr\u00e4ge","item":"https:\/\/projektwoche25.publicraft.ch\/?page_id=13"},{"@type":"ListItem","position":3,"name":"F\u00fchrung durch La Spezia"}]},{"@type":"WebSite","@id":"https:\/\/projektwoche25.publicraft.ch\/#website","url":"https:\/\/projektwoche25.publicraft.ch\/","name":"Projektwoche 25","description":"Schwerpunktfach Biologie und Chemie","potentialAction":[{"@type":"SearchAction","target":{"@type":"EntryPoint","urlTemplate":"https:\/\/projektwoche25.publicraft.ch\/?s={search_term_string}"},"query-input":{"@type":"PropertyValueSpecification","valueRequired":true,"valueName":"search_term_string"}}],"inLanguage":"de"}]}},"_links":{"self":[{"href":"https:\/\/projektwoche25.publicraft.ch\/index.php?rest_route=\/wp\/v2\/pages\/25","targetHints":{"allow":["GET"]}}],"collection":[{"href":"https:\/\/projektwoche25.publicraft.ch\/index.php?rest_route=\/wp\/v2\/pages"}],"about":[{"href":"https:\/\/projektwoche25.publicraft.ch\/index.php?rest_route=\/wp\/v2\/types\/page"}],"author":[{"embeddable":true,"href":"https:\/\/projektwoche25.publicraft.ch\/index.php?rest_route=\/wp\/v2\/users\/1"}],"replies":[{"embeddable":true,"href":"https:\/\/projektwoche25.publicraft.ch\/index.php?rest_route=%2Fwp%2Fv2%2Fcomments&post=25"}],"version-history":[{"count":8,"href":"https:\/\/projektwoche25.publicraft.ch\/index.php?rest_route=\/wp\/v2\/pages\/25\/revisions"}],"predecessor-version":[{"id":435,"href":"https:\/\/projektwoche25.publicraft.ch\/index.php?rest_route=\/wp\/v2\/pages\/25\/revisions\/435"}],"up":[{"embeddable":true,"href":"https:\/\/projektwoche25.publicraft.ch\/index.php?rest_route=\/wp\/v2\/pages\/13"}],"wp:attachment":[{"href":"https:\/\/projektwoche25.publicraft.ch\/index.php?rest_route=%2Fwp%2Fv2%2Fmedia&parent=25"}],"curies":[{"name":"wp","href":"https:\/\/api.w.org\/{rel}","templated":true}]}}