{"id":27,"date":"2024-11-27T15:48:13","date_gmt":"2024-11-27T15:48:13","guid":{"rendered":"https:\/\/projektwoche25.publicraft.ch\/?page_id=27"},"modified":"2025-05-22T09:17:55","modified_gmt":"2025-05-22T09:17:55","slug":"walschutzgebiete","status":"publish","type":"page","link":"https:\/\/projektwoche25.publicraft.ch\/?page_id=27","title":{"rendered":"Walschutzgebiete &#8211; Pelagos"},"content":{"rendered":"\n<p class=\"has-text-align-center has-white-color has-cyan-bluish-gray-background-color has-text-color has-background has-link-color wp-elements-4ce4f03c093d36a248fca1c55cb977e7\" style=\"font-size:15px;text-transform:uppercase\">Geografische Lage <\/p>\n\n\n\n<p class=\"has-text-align-center has-black-color has-white-background-color has-text-color has-background has-link-color has-small-font-size wp-elements-44ff1803aff6ee8a0d300d077da90c02\">Das&nbsp;Pelagos Schutzgebiet&nbsp;befindet sich zwischen S\u00fcdfrankreichs K\u00fcste, Sardinien und Italien und misst etwa 87.000 km\u00b2 Wasseroberfl\u00e4che. <\/p>\n\n\n\n<div class=\"wp-block-columns is-layout-flex wp-container-core-columns-is-layout-9d6595d7 wp-block-columns-is-layout-flex\">\n<div class=\"wp-block-column is-layout-flow wp-block-column-is-layout-flow\" style=\"flex-basis:100%\">\n<figure class=\"wp-block-image size-large\"><a href=\"https:\/\/taz.de\/Pelagos-Schutzgebiet--Heimat-der-Wale\/!5989881\/\"><img loading=\"lazy\" decoding=\"async\" width=\"1024\" height=\"511\" src=\"https:\/\/projektwoche25.publicraft.ch\/wp-content\/uploads\/2025\/02\/pelagos-sanctuary-grafik-2-1024x511.jpg\" alt=\"\" class=\"wp-image-182\" srcset=\"https:\/\/projektwoche25.publicraft.ch\/wp-content\/uploads\/2025\/02\/pelagos-sanctuary-grafik-2-1024x511.jpg 1024w, https:\/\/projektwoche25.publicraft.ch\/wp-content\/uploads\/2025\/02\/pelagos-sanctuary-grafik-2-300x150.jpg 300w, https:\/\/projektwoche25.publicraft.ch\/wp-content\/uploads\/2025\/02\/pelagos-sanctuary-grafik-2-768x383.jpg 768w, https:\/\/projektwoche25.publicraft.ch\/wp-content\/uploads\/2025\/02\/pelagos-sanctuary-grafik-2.jpg 1200w\" sizes=\"auto, (max-width: 1024px) 100vw, 1024px\" \/><\/a><\/figure>\n<\/div>\n<\/div>\n\n\n\n<p class=\"has-text-align-center has-white-color has-cyan-bluish-gray-background-color has-text-color has-background has-link-color wp-elements-3f0c95512698daadf1b18eb16941b4ba\" style=\"text-decoration:none;text-transform:uppercase\">Ziel <\/p>\n\n\n\n<p class=\"has-text-align-left has-small-font-size\">Pelagos ist ein internationales Schutzgebiet. Es wurde durch ein multilaterales Abkommen zwischen Frankreich, Italien und Monaco gegr\u00fcndet, das 1999 in Rom unterzeichnet und 2002 in Kraft gesetzt wurde. Sein Ziel ist es, die Populationen von Walen und Delfinen im Mittelmeer zu erhalten. Die wichtigsten Ziele sind dabei:&nbsp;<\/p>\n\n\n\n<ul class=\"wp-block-list\">\n<li class=\"has-small-font-size\">Schutz der marinen Biodiversit\u00e4t, insbesondere von Meeress\u00e4ugern (weltweit einziger Schutz f\u00fcr Meeress\u00e4uger).<\/li>\n<\/ul>\n\n\n\n<ul class=\"wp-block-list\">\n<li class=\"has-small-font-size\">F\u00f6rderung der Forschung und \u00dcberwachung von Walpopulationen und ihrer Lebensr\u00e4ume.&nbsp;<\/li>\n<\/ul>\n\n\n\n<ul class=\"wp-block-list\">\n<li class=\"has-small-font-size\">Sensibilisierung der \u00d6ffentlichkeit und F\u00f6rderung von umweltfreundlichem Tourismus.\u00a0<\/li>\n<\/ul>\n\n\n\n<p class=\"has-text-align-center has-white-color has-cyan-bluish-gray-background-color has-text-color has-background has-link-color wp-elements-29b7d030b4d67005e5966ef2c4e84cbc\">PROBLEMATIK <\/p>\n\n\n\n<p class=\"has-text-align-center\"><strong>Der Mensch<\/strong><\/p>\n\n\n\n<p class=\"has-text-align-center has-small-font-size\">Der intensive Schiffsverkehr im Pelagos-Schutzgebiet f\u00fchrt zu erheblichem Unterwasserl\u00e4rm, der die Kommunikation der Meeress\u00e4uger stark beeintr\u00e4chtigt. Dieser L\u00e4rm verursacht Stress und erschwert es den Tieren, sich zu orientieren oder miteinander zu kommunizieren. Zudem sind Kollisionen mit Schiffen eine h\u00e4ufige Todesursache f\u00fcr Wale und Delfine in der Region.<\/p>\n\n\n\n<hr class=\"wp-block-separator has-alpha-channel-opacity\"\/>\n\n\n\n<p class=\"has-text-align-center has-small-font-size\">Ein weiteres gro\u00dfes Problem ist die Verschmutzung. Chemische Schadstoffe, Plastikm\u00fcll und \u00d6lverschmutzungen gef\u00e4hrden die Gesundheit der Meeress\u00e4uger und wirken sich negativ auf das gesamte \u00d6kosystem aus. Diese Belastungen k\u00f6nnen zu Erkrankungen, Fortpflanzungsproblemen oder sogar zum Tod der Tiere f\u00fchren.<\/p>\n\n\n\n<hr class=\"wp-block-separator has-alpha-channel-opacity\"\/>\n\n\n\n<p class=\"has-text-align-center has-small-font-size\">Die Fischerei stellt ebenfalls eine bedeutende Bedrohung dar. Viele Meeress\u00e4uger verfangen sich unbeabsichtigt in Fischernetzen, was oft t\u00f6dlich endet. Dar\u00fcber hinaus f\u00fchrt die \u00dcberfischung dazu, dass wichtige Nahrungsquellen der Meeress\u00e4uger knapp werden, wodurch die Nahrungskette empfindlich gest\u00f6rt wird.<\/p>\n\n\n\n<hr class=\"wp-block-separator has-alpha-channel-opacity\"\/>\n\n\n\n<p class=\"has-text-align-center has-small-font-size\">Auch der Tourismus bringt Herausforderungen mit sich. Bootsfahrten, Tauchen und andere Freizeitaktivit\u00e4ten k\u00f6nnen die Tiere st\u00f6ren, insbesondere wenn Schutzgebiete nicht respektiert oder Tiere zu dicht gen\u00e4hert werden. Diese St\u00f6rungen beeinflussen das nat\u00fcrliche Verhalten und die Ruhephasen der Meeress\u00e4uger.<\/p>\n\n\n\n<hr class=\"wp-block-separator has-alpha-channel-opacity\"\/>\n\n\n\n<p class=\"has-text-align-center has-small-font-size\">Schlie\u00dflich wirkt sich der Klimawandel auf das Schutzgebiet aus. Ver\u00e4nderungen der Wassertemperatur und anderer Umweltbedingungen ver\u00e4ndern die Lebensr\u00e4ume und Wanderungsmuster der Meeress\u00e4uger und beeinflussen das Nahrungsangebot, was langfristig die gesamte Population bedroht.<\/p>\n\n\n\n<ul class=\"wp-block-list has-small-font-size\"><\/ul>\n\n\n\n<p class=\"has-text-align-center has-cyan-bluish-gray-background-color has-background\" style=\"text-transform:uppercase\">Tierarten <\/p>\n\n\n\n<p class=\"has-small-font-size\">Das Pelagos-Schutzgebiet beherbergt eine Vielzahl von Tieren, darunter:<\/p>\n\n\n\n<p class=\"has-medium-font-size\">Der Finnwal<\/p>\n\n\n\n<ul class=\"wp-block-list has-small-font-size\">\n<li class=\"has-small-font-size\">ca. 1000 Finnwale im Pelagos-Schutzgebiet<\/li>\n\n\n\n<li class=\"has-small-font-size\">Mit bis zu 40 km\/h ist der Finnwal einer der schnellsten Wale der Welt<\/li>\n\n\n\n<li class=\"has-small-font-size\">Der Finnwal ist das zweitgr\u00f6sste Tier der Erde. Er wird bis zu 25m (M\u00e4nnchen) und 27m (Weibchen) lang<\/li>\n\n\n\n<li class=\"has-small-font-size\">Ein Finnwal h\u00e4lt sich mehrere hundert Meter in der Tiefe auf und muss alle 15min auftauchen um zu atmen<\/li>\n<\/ul>\n\n\n\n<figure class=\"wp-block-image size-large\"><img loading=\"lazy\" decoding=\"async\" width=\"1024\" height=\"492\" src=\"https:\/\/projektwoche25.publicraft.ch\/wp-content\/uploads\/2025\/05\/finwal-1024x492.jpg\" alt=\"\" class=\"wp-image-223\" srcset=\"https:\/\/projektwoche25.publicraft.ch\/wp-content\/uploads\/2025\/05\/finwal-1024x492.jpg 1024w, https:\/\/projektwoche25.publicraft.ch\/wp-content\/uploads\/2025\/05\/finwal-300x144.jpg 300w, https:\/\/projektwoche25.publicraft.ch\/wp-content\/uploads\/2025\/05\/finwal-768x369.jpg 768w, https:\/\/projektwoche25.publicraft.ch\/wp-content\/uploads\/2025\/05\/finwal-1536x738.jpg 1536w, https:\/\/projektwoche25.publicraft.ch\/wp-content\/uploads\/2025\/05\/finwal-2048x984.jpg 2048w\" sizes=\"auto, (max-width: 1024px) 100vw, 1024px\" \/><\/figure>\n\n\n\n<hr class=\"wp-block-separator has-alpha-channel-opacity is-style-wide\"\/>\n\n\n\n<p class=\"has-medium-font-size\">Der Pottwal<\/p>\n\n\n\n<ul class=\"wp-block-list\">\n<li class=\"has-small-font-size\">ca. 200 bis 250 Pottwale im Pelagos-Schutzgebiet<\/li>\n\n\n\n<li class=\"has-small-font-size\">Er geh\u00f6rt zu den Zahnwalen (kein Bart sondern Z\u00e4hne)<\/li>\n\n\n\n<li class=\"has-small-font-size\">Er besitzt die m\u00e4chtigsten Z\u00e4hne im ganzen Tierreich<\/li>\n\n\n\n<li class=\"has-small-font-size\">Er kann bis zu 3000m tief tauchen und k\u00f6nnen bis zu 1h tauchen<\/li>\n\n\n\n<li class=\"has-small-font-size\">Ein Pottwal kann bis zu 18m lang werden<\/li>\n<\/ul>\n\n\n\n<figure class=\"wp-block-image size-large\"><img loading=\"lazy\" decoding=\"async\" width=\"1024\" height=\"576\" src=\"https:\/\/projektwoche25.publicraft.ch\/wp-content\/uploads\/2025\/05\/pottwal-1024x576.jpg\" alt=\"\" class=\"wp-image-225\" srcset=\"https:\/\/projektwoche25.publicraft.ch\/wp-content\/uploads\/2025\/05\/pottwal-1024x576.jpg 1024w, https:\/\/projektwoche25.publicraft.ch\/wp-content\/uploads\/2025\/05\/pottwal-300x169.jpg 300w, https:\/\/projektwoche25.publicraft.ch\/wp-content\/uploads\/2025\/05\/pottwal-768x432.jpg 768w, https:\/\/projektwoche25.publicraft.ch\/wp-content\/uploads\/2025\/05\/pottwal.jpg 1440w\" sizes=\"auto, (max-width: 1024px) 100vw, 1024px\" \/><\/figure>\n\n\n\n<hr class=\"wp-block-separator has-alpha-channel-opacity is-style-wide\"\/>\n\n\n\n<p class=\"has-medium-font-size\">Der Grindwal <\/p>\n\n\n\n<ul class=\"wp-block-list\">\n<li class=\"has-small-font-size\">Ein Delfin, sie leben in sogenannten Delfinschulen (Gruppen)<\/li>\n\n\n\n<li class=\"has-small-font-size\">ca. 2000 bis 10&#8217;000 Grindwal im Pelagos-Schutzgebiet<\/li>\n\n\n\n<li class=\"has-small-font-size\">Sie fressen fast ausschliesslich Tintenfische<\/li>\n\n\n\n<li class=\"has-small-font-size\">Sie tauchen 500m tief und das bis zu 15min<\/li>\n<\/ul>\n\n\n\n<figure class=\"wp-block-image size-large\"><img loading=\"lazy\" decoding=\"async\" width=\"1024\" height=\"682\" src=\"https:\/\/projektwoche25.publicraft.ch\/wp-content\/uploads\/2025\/05\/grindwal-1024x682.jpg\" alt=\"\" class=\"wp-image-226\" srcset=\"https:\/\/projektwoche25.publicraft.ch\/wp-content\/uploads\/2025\/05\/grindwal-1024x682.jpg 1024w, https:\/\/projektwoche25.publicraft.ch\/wp-content\/uploads\/2025\/05\/grindwal-300x200.jpg 300w, https:\/\/projektwoche25.publicraft.ch\/wp-content\/uploads\/2025\/05\/grindwal-768x512.jpg 768w, https:\/\/projektwoche25.publicraft.ch\/wp-content\/uploads\/2025\/05\/grindwal-1536x1024.jpg 1536w, https:\/\/projektwoche25.publicraft.ch\/wp-content\/uploads\/2025\/05\/grindwal.jpg 2000w\" sizes=\"auto, (max-width: 1024px) 100vw, 1024px\" \/><\/figure>\n\n\n\n<p><\/p>\n","protected":false},"excerpt":{"rendered":"<p>Geografische Lage Das&nbsp;Pelagos Schutzgebiet&nbsp;befindet sich zwischen S\u00fcdfrankreichs K\u00fcste, Sardinien und Italien und misst etwa 87.000 km\u00b2 Wasseroberfl\u00e4che. Ziel Pelagos ist ein internationales Schutzgebiet. Es wurde durch ein multilaterales Abkommen zwischen Frankreich, Italien und Monaco gegr\u00fcndet, das 1999 in Rom unterzeichnet und 2002 in Kraft gesetzt wurde. Sein Ziel ist es, die Populationen von Walen und [&hellip;]<\/p>\n","protected":false},"author":17,"featured_media":0,"parent":13,"menu_order":0,"comment_status":"closed","ping_status":"closed","template":"","meta":{"footnotes":""},"class_list":["post-27","page","type-page","status-publish","hentry"],"yoast_head":"<!-- This site is optimized with the Yoast SEO plugin v26.9 - https:\/\/yoast.com\/product\/yoast-seo-wordpress\/ -->\n<title>Walschutzgebiete - Pelagos - Projektwoche 25<\/title>\n<meta name=\"robots\" content=\"noindex, follow, max-snippet:-1, max-image-preview:large, max-video-preview:-1\" \/>\n<meta property=\"og:locale\" content=\"de_DE\" \/>\n<meta property=\"og:type\" content=\"article\" \/>\n<meta property=\"og:title\" content=\"Walschutzgebiete - Pelagos - Projektwoche 25\" \/>\n<meta property=\"og:description\" content=\"Geografische Lage Das&nbsp;Pelagos Schutzgebiet&nbsp;befindet sich zwischen S\u00fcdfrankreichs K\u00fcste, Sardinien und Italien und misst etwa 87.000 km\u00b2 Wasseroberfl\u00e4che. Ziel Pelagos ist ein internationales Schutzgebiet. Es wurde durch ein multilaterales Abkommen zwischen Frankreich, Italien und Monaco gegr\u00fcndet, das 1999 in Rom unterzeichnet und 2002 in Kraft gesetzt wurde. Sein Ziel ist es, die Populationen von Walen und [&hellip;]\" \/>\n<meta property=\"og:url\" content=\"https:\/\/projektwoche25.publicraft.ch\/?page_id=27\" \/>\n<meta property=\"og:site_name\" content=\"Projektwoche 25\" \/>\n<meta property=\"article:modified_time\" content=\"2025-05-22T09:17:55+00:00\" \/>\n<meta property=\"og:image\" content=\"https:\/\/projektwoche25.publicraft.ch\/wp-content\/uploads\/2025\/02\/pelagos-sanctuary-grafik-2.jpg\" \/>\n\t<meta property=\"og:image:width\" content=\"1200\" \/>\n\t<meta property=\"og:image:height\" content=\"599\" \/>\n\t<meta property=\"og:image:type\" content=\"image\/jpeg\" \/>\n<meta name=\"twitter:card\" content=\"summary_large_image\" \/>\n<meta name=\"twitter:label1\" content=\"Gesch\u00e4tzte Lesezeit\" \/>\n\t<meta name=\"twitter:data1\" content=\"4\u00a0Minuten\" \/>\n<script type=\"application\/ld+json\" class=\"yoast-schema-graph\">{\"@context\":\"https:\/\/schema.org\",\"@graph\":[{\"@type\":\"WebPage\",\"@id\":\"https:\/\/projektwoche25.publicraft.ch\/?page_id=27\",\"url\":\"https:\/\/projektwoche25.publicraft.ch\/?page_id=27\",\"name\":\"Walschutzgebiete - Pelagos - Projektwoche 25\",\"isPartOf\":{\"@id\":\"https:\/\/projektwoche25.publicraft.ch\/#website\"},\"primaryImageOfPage\":{\"@id\":\"https:\/\/projektwoche25.publicraft.ch\/?page_id=27#primaryimage\"},\"image\":{\"@id\":\"https:\/\/projektwoche25.publicraft.ch\/?page_id=27#primaryimage\"},\"thumbnailUrl\":\"https:\/\/projektwoche25.publicraft.ch\/wp-content\/uploads\/2025\/02\/pelagos-sanctuary-grafik-2-1024x511.jpg\",\"datePublished\":\"2024-11-27T15:48:13+00:00\",\"dateModified\":\"2025-05-22T09:17:55+00:00\",\"breadcrumb\":{\"@id\":\"https:\/\/projektwoche25.publicraft.ch\/?page_id=27#breadcrumb\"},\"inLanguage\":\"de\",\"potentialAction\":[{\"@type\":\"ReadAction\",\"target\":[\"https:\/\/projektwoche25.publicraft.ch\/?page_id=27\"]}]},{\"@type\":\"ImageObject\",\"inLanguage\":\"de\",\"@id\":\"https:\/\/projektwoche25.publicraft.ch\/?page_id=27#primaryimage\",\"url\":\"https:\/\/projektwoche25.publicraft.ch\/wp-content\/uploads\/2025\/02\/pelagos-sanctuary-grafik-2.jpg\",\"contentUrl\":\"https:\/\/projektwoche25.publicraft.ch\/wp-content\/uploads\/2025\/02\/pelagos-sanctuary-grafik-2.jpg\",\"width\":1200,\"height\":599},{\"@type\":\"BreadcrumbList\",\"@id\":\"https:\/\/projektwoche25.publicraft.ch\/?page_id=27#breadcrumb\",\"itemListElement\":[{\"@type\":\"ListItem\",\"position\":1,\"name\":\"Startseite\",\"item\":\"https:\/\/projektwoche25.publicraft.ch\/\"},{\"@type\":\"ListItem\",\"position\":2,\"name\":\"Vortr\u00e4ge\",\"item\":\"https:\/\/projektwoche25.publicraft.ch\/?page_id=13\"},{\"@type\":\"ListItem\",\"position\":3,\"name\":\"Walschutzgebiete &#8211; Pelagos\"}]},{\"@type\":\"WebSite\",\"@id\":\"https:\/\/projektwoche25.publicraft.ch\/#website\",\"url\":\"https:\/\/projektwoche25.publicraft.ch\/\",\"name\":\"Projektwoche 25\",\"description\":\"Schwerpunktfach Biologie und Chemie\",\"potentialAction\":[{\"@type\":\"SearchAction\",\"target\":{\"@type\":\"EntryPoint\",\"urlTemplate\":\"https:\/\/projektwoche25.publicraft.ch\/?s={search_term_string}\"},\"query-input\":{\"@type\":\"PropertyValueSpecification\",\"valueRequired\":true,\"valueName\":\"search_term_string\"}}],\"inLanguage\":\"de\"}]}<\/script>\n<!-- \/ Yoast SEO plugin. -->","yoast_head_json":{"title":"Walschutzgebiete - Pelagos - Projektwoche 25","robots":{"index":"noindex","follow":"follow","max-snippet":"max-snippet:-1","max-image-preview":"max-image-preview:large","max-video-preview":"max-video-preview:-1"},"og_locale":"de_DE","og_type":"article","og_title":"Walschutzgebiete - Pelagos - Projektwoche 25","og_description":"Geografische Lage Das&nbsp;Pelagos Schutzgebiet&nbsp;befindet sich zwischen S\u00fcdfrankreichs K\u00fcste, Sardinien und Italien und misst etwa 87.000 km\u00b2 Wasseroberfl\u00e4che. Ziel Pelagos ist ein internationales Schutzgebiet. Es wurde durch ein multilaterales Abkommen zwischen Frankreich, Italien und Monaco gegr\u00fcndet, das 1999 in Rom unterzeichnet und 2002 in Kraft gesetzt wurde. Sein Ziel ist es, die Populationen von Walen und [&hellip;]","og_url":"https:\/\/projektwoche25.publicraft.ch\/?page_id=27","og_site_name":"Projektwoche 25","article_modified_time":"2025-05-22T09:17:55+00:00","og_image":[{"width":1200,"height":599,"url":"https:\/\/projektwoche25.publicraft.ch\/wp-content\/uploads\/2025\/02\/pelagos-sanctuary-grafik-2.jpg","type":"image\/jpeg"}],"twitter_card":"summary_large_image","twitter_misc":{"Gesch\u00e4tzte Lesezeit":"4\u00a0Minuten"},"schema":{"@context":"https:\/\/schema.org","@graph":[{"@type":"WebPage","@id":"https:\/\/projektwoche25.publicraft.ch\/?page_id=27","url":"https:\/\/projektwoche25.publicraft.ch\/?page_id=27","name":"Walschutzgebiete - Pelagos - Projektwoche 25","isPartOf":{"@id":"https:\/\/projektwoche25.publicraft.ch\/#website"},"primaryImageOfPage":{"@id":"https:\/\/projektwoche25.publicraft.ch\/?page_id=27#primaryimage"},"image":{"@id":"https:\/\/projektwoche25.publicraft.ch\/?page_id=27#primaryimage"},"thumbnailUrl":"https:\/\/projektwoche25.publicraft.ch\/wp-content\/uploads\/2025\/02\/pelagos-sanctuary-grafik-2-1024x511.jpg","datePublished":"2024-11-27T15:48:13+00:00","dateModified":"2025-05-22T09:17:55+00:00","breadcrumb":{"@id":"https:\/\/projektwoche25.publicraft.ch\/?page_id=27#breadcrumb"},"inLanguage":"de","potentialAction":[{"@type":"ReadAction","target":["https:\/\/projektwoche25.publicraft.ch\/?page_id=27"]}]},{"@type":"ImageObject","inLanguage":"de","@id":"https:\/\/projektwoche25.publicraft.ch\/?page_id=27#primaryimage","url":"https:\/\/projektwoche25.publicraft.ch\/wp-content\/uploads\/2025\/02\/pelagos-sanctuary-grafik-2.jpg","contentUrl":"https:\/\/projektwoche25.publicraft.ch\/wp-content\/uploads\/2025\/02\/pelagos-sanctuary-grafik-2.jpg","width":1200,"height":599},{"@type":"BreadcrumbList","@id":"https:\/\/projektwoche25.publicraft.ch\/?page_id=27#breadcrumb","itemListElement":[{"@type":"ListItem","position":1,"name":"Startseite","item":"https:\/\/projektwoche25.publicraft.ch\/"},{"@type":"ListItem","position":2,"name":"Vortr\u00e4ge","item":"https:\/\/projektwoche25.publicraft.ch\/?page_id=13"},{"@type":"ListItem","position":3,"name":"Walschutzgebiete &#8211; Pelagos"}]},{"@type":"WebSite","@id":"https:\/\/projektwoche25.publicraft.ch\/#website","url":"https:\/\/projektwoche25.publicraft.ch\/","name":"Projektwoche 25","description":"Schwerpunktfach Biologie und Chemie","potentialAction":[{"@type":"SearchAction","target":{"@type":"EntryPoint","urlTemplate":"https:\/\/projektwoche25.publicraft.ch\/?s={search_term_string}"},"query-input":{"@type":"PropertyValueSpecification","valueRequired":true,"valueName":"search_term_string"}}],"inLanguage":"de"}]}},"_links":{"self":[{"href":"https:\/\/projektwoche25.publicraft.ch\/index.php?rest_route=\/wp\/v2\/pages\/27","targetHints":{"allow":["GET"]}}],"collection":[{"href":"https:\/\/projektwoche25.publicraft.ch\/index.php?rest_route=\/wp\/v2\/pages"}],"about":[{"href":"https:\/\/projektwoche25.publicraft.ch\/index.php?rest_route=\/wp\/v2\/types\/page"}],"author":[{"embeddable":true,"href":"https:\/\/projektwoche25.publicraft.ch\/index.php?rest_route=\/wp\/v2\/users\/17"}],"replies":[{"embeddable":true,"href":"https:\/\/projektwoche25.publicraft.ch\/index.php?rest_route=%2Fwp%2Fv2%2Fcomments&post=27"}],"version-history":[{"count":11,"href":"https:\/\/projektwoche25.publicraft.ch\/index.php?rest_route=\/wp\/v2\/pages\/27\/revisions"}],"predecessor-version":[{"id":235,"href":"https:\/\/projektwoche25.publicraft.ch\/index.php?rest_route=\/wp\/v2\/pages\/27\/revisions\/235"}],"up":[{"embeddable":true,"href":"https:\/\/projektwoche25.publicraft.ch\/index.php?rest_route=\/wp\/v2\/pages\/13"}],"wp:attachment":[{"href":"https:\/\/projektwoche25.publicraft.ch\/index.php?rest_route=%2Fwp%2Fv2%2Fmedia&parent=27"}],"curies":[{"name":"wp","href":"https:\/\/api.w.org\/{rel}","templated":true}]}}